{"id":775,"date":"2023-05-01T10:49:45","date_gmt":"2023-05-01T10:49:45","guid":{"rendered":"https:\/\/dev3.travel-bridge.com\/?page_id=775"},"modified":"2023-08-23T20:08:22","modified_gmt":"2023-08-23T20:08:22","slug":"imprimir","status":"publish","type":"page","link":"https:\/\/elibrary.indigenoustourismamericas.org\/es\/imprint\/","title":{"rendered":"Pie de imprenta"},"content":{"rendered":"<div data-elementor-type=\"wp-page\" data-elementor-id=\"775\" class=\"elementor elementor-775\" data-elementor-post-type=\"page\">\n\t\t\t\t\t\t<section class=\"elementor-section elementor-top-section elementor-element elementor-element-46ccfe5 elementor-section-boxed elementor-section-height-default elementor-section-height-default\" data-id=\"46ccfe5\" data-element_type=\"section\" data-e-type=\"section\">\n\t\t\t\t\t\t<div class=\"elementor-container elementor-column-gap-default\">\n\t\t\t\t\t<div class=\"elementor-column elementor-col-100 elementor-top-column elementor-element elementor-element-a39f6b5\" data-id=\"a39f6b5\" data-element_type=\"column\" data-e-type=\"column\">\n\t\t\t<div class=\"elementor-widget-wrap elementor-element-populated\">\n\t\t\t\t\t\t<div class=\"elementor-element elementor-element-fa8622b elementor-widget elementor-widget-heading\" data-id=\"fa8622b\" data-element_type=\"widget\" data-e-type=\"widget\" data-widget_type=\"heading.default\">\n\t\t\t\t<div class=\"elementor-widget-container\">\n\t\t\t\t\t<h2 class=\"elementor-heading-title elementor-size-default\">Pie de imprenta<\/h2>\t\t\t\t<\/div>\n\t\t\t\t<\/div>\n\t\t\t\t\t<\/div>\n\t\t<\/div>\n\t\t\t\t\t<\/div>\n\t\t<\/section>\n\t\t\t\t<section class=\"elementor-section elementor-top-section elementor-element elementor-element-6bed42f elementor-section-boxed elementor-section-height-default elementor-section-height-default\" data-id=\"6bed42f\" data-element_type=\"section\" data-e-type=\"section\">\n\t\t\t\t\t\t<div class=\"elementor-container elementor-column-gap-default\">\n\t\t\t\t\t<div class=\"elementor-column elementor-col-100 elementor-top-column elementor-element elementor-element-612956a\" data-id=\"612956a\" data-element_type=\"column\" data-e-type=\"column\">\n\t\t\t<div class=\"elementor-widget-wrap elementor-element-populated\">\n\t\t\t\t\t\t<div class=\"elementor-element elementor-element-70136ac elementor-widget elementor-widget-text-editor\" data-id=\"70136ac\" data-element_type=\"widget\" data-e-type=\"widget\" data-widget_type=\"text-editor.default\">\n\t\t\t\t<div class=\"elementor-widget-container\">\n\t\t\t\t\t\t\t\t\t<p>Direcci\u00f3n:<\/p>\n<p><span style=\"font-weight: var( --e-global-typography-text-font-weight );\">Tel\u00e9fono:<\/span><span style=\"font-weight: 400;\">+1-202-994-8197<\/span><\/p>\n<p>Miembro del Comit\u00e9 Directivo y Coordinador:<span style=\"font-weight: 400;\"> Seleni Matus<\/span><\/p>\n<p><strong style=\"color: inherit; font-family: inherit; font-size: inherit;\">Persona responsable del contenido y las im\u00e1genes de este sitio web:<\/strong><\/p>\n<p>Seleni Matus<br>\n2201 G Street NW, Suite 301<br>\nWashington, DC 20052<br>\nselenim@gwu.edu<\/p>\n<p><span style=\"font-weight: 400;\">No asumimos responsabilidad alguna por el texto o el contenido de los sitios web enlazados en esta p\u00e1gina.<\/span><\/p>\n<p><strong>Aviso de derechos de autor:<\/strong><\/p>\n<p><span style=\"font-weight: 400;\">Todos los textos e im\u00e1genes utilizados est\u00e1n protegidos por derechos de autor. Todos los textos est\u00e1n destinados \u00fanicamente a la <\/span><span style=\"font-weight: 400;\">uso personal del usuario y sus empleados. A terceros sobre el contenido de este sitio es <\/span><span style=\"font-weight: 400;\">prohibida. La reimpresi\u00f3n, la reproducci\u00f3n fotomec\u00e1nica, electr\u00f3nica o de otro tipo, la edici\u00f3n, la traducci\u00f3n, la microfilmaci\u00f3n y el almacenamiento, la puesta a disposici\u00f3n del p\u00fablico, la integraci\u00f3n en bases de datos u otros medios y sistemas electr\u00f3nicos -incluso en partes- s\u00f3lo est\u00e1n permitidos previo consentimiento del operador de la p\u00e1gina web.<\/span><\/p>\n<p><strong>Descargo de responsabilidad:<\/strong><\/p>\n<p><span style=\"font-weight: 400;\">Seg\u00fan nuestro leal saber y entender, el contenido de los textos ha sido redactado. Ninguna responsabilidad o <\/span><span style=\"font-weight: 400;\">se asume la responsabilidad de la exactitud, actualidad, integridad y calidad de la <\/span><span style=\"font-weight: 400;\">contenido.<\/span><\/p>\t\t\t\t\t\t\t\t<\/div>\n\t\t\t\t<\/div>\n\t\t\t\t\t<\/div>\n\t\t<\/div>\n\t\t\t\t\t<\/div>\n\t\t<\/section>\n\t\t\t\t<\/div>","protected":false},"excerpt":{"rendered":"<p>Imprint Address: Phone:+1-202-994-8197 Steering Committee Member and Coordinator: Seleni Matus Person responsible for the content and pictures of this website: Seleni Matus 2201 G Street NW, Suite 301 Washington, DC 20052 selenim@gwu.edu We accept no responsibility for the text or content of websites that have been linked on this homepage. Copyright notice: All texts and [&hellip;]<\/p>\n","protected":false},"author":1,"featured_media":0,"parent":0,"menu_order":0,"comment_status":"closed","ping_status":"closed","template":"","meta":{"footnotes":""},"class_list":["post-775","page","type-page","status-publish","hentry"],"_links":{"self":[{"href":"https:\/\/elibrary.indigenoustourismamericas.org\/es\/wp-json\/wp\/v2\/pages\/775","targetHints":{"allow":["GET"]}}],"collection":[{"href":"https:\/\/elibrary.indigenoustourismamericas.org\/es\/wp-json\/wp\/v2\/pages"}],"about":[{"href":"https:\/\/elibrary.indigenoustourismamericas.org\/es\/wp-json\/wp\/v2\/types\/page"}],"author":[{"embeddable":true,"href":"https:\/\/elibrary.indigenoustourismamericas.org\/es\/wp-json\/wp\/v2\/users\/1"}],"replies":[{"embeddable":true,"href":"https:\/\/elibrary.indigenoustourismamericas.org\/es\/wp-json\/wp\/v2\/comments?post=775"}],"version-history":[{"count":0,"href":"https:\/\/elibrary.indigenoustourismamericas.org\/es\/wp-json\/wp\/v2\/pages\/775\/revisions"}],"wp:attachment":[{"href":"https:\/\/elibrary.indigenoustourismamericas.org\/es\/wp-json\/wp\/v2\/media?parent=775"}],"curies":[{"name":"wp","href":"https:\/\/api.w.org\/{rel}","templated":true}]}}