{"id":770,"date":"2023-05-01T10:48:39","date_gmt":"2023-05-01T10:48:39","guid":{"rendered":"https:\/\/dev3.travel-bridge.com\/?page_id=770"},"modified":"2023-05-03T13:59:01","modified_gmt":"2023-05-03T13:59:01","slug":"terminos-y-condiciones","status":"publish","type":"page","link":"https:\/\/elibrary.indigenoustourismamericas.org\/es\/terms-conditions\/","title":{"rendered":"Condiciones generales"},"content":{"rendered":"<div data-elementor-type=\"wp-page\" data-elementor-id=\"770\" class=\"elementor elementor-770\" data-elementor-post-type=\"page\">\n\t\t\t\t\t\t<section class=\"elementor-section elementor-top-section elementor-element elementor-element-495a39e elementor-section-boxed elementor-section-height-default elementor-section-height-default\" data-id=\"495a39e\" data-element_type=\"section\" data-e-type=\"section\">\n\t\t\t\t\t\t<div class=\"elementor-container elementor-column-gap-default\">\n\t\t\t\t\t<div class=\"elementor-column elementor-col-100 elementor-top-column elementor-element elementor-element-093abfb\" data-id=\"093abfb\" data-element_type=\"column\" data-e-type=\"column\">\n\t\t\t<div class=\"elementor-widget-wrap elementor-element-populated\">\n\t\t\t\t\t\t<div class=\"elementor-element elementor-element-3939170 elementor-widget elementor-widget-heading\" data-id=\"3939170\" data-element_type=\"widget\" data-e-type=\"widget\" data-widget_type=\"heading.default\">\n\t\t\t\t<div class=\"elementor-widget-container\">\n\t\t\t\t\t<h3 class=\"elementor-heading-title elementor-size-default\">CONDICIONES GENERALES<\/h3>\t\t\t\t<\/div>\n\t\t\t\t<\/div>\n\t\t\t\t\t<\/div>\n\t\t<\/div>\n\t\t\t\t\t<\/div>\n\t\t<\/section>\n\t\t\t\t<section class=\"elementor-section elementor-top-section elementor-element elementor-element-3eb671d elementor-section-boxed elementor-section-height-default elementor-section-height-default\" data-id=\"3eb671d\" data-element_type=\"section\" data-e-type=\"section\">\n\t\t\t\t\t\t<div class=\"elementor-container elementor-column-gap-default\">\n\t\t\t\t\t<div class=\"elementor-column elementor-col-100 elementor-top-column elementor-element elementor-element-a2772a3\" data-id=\"a2772a3\" data-element_type=\"column\" data-e-type=\"column\">\n\t\t\t<div class=\"elementor-widget-wrap elementor-element-populated\">\n\t\t\t\t\t\t<div class=\"elementor-element elementor-element-bb463cf elementor-widget elementor-widget-text-editor\" data-id=\"bb463cf\" data-element_type=\"widget\" data-e-type=\"widget\" data-widget_type=\"text-editor.default\">\n\t\t\t\t<div class=\"elementor-widget-container\">\n\t\t\t\t\t\t\t\t\t<p>Este sitio web de la ITCA (el \"Sitio Web\"), incluido el Portal de Turismo Ind\u00edgena (\"PTI\"), es propiedad de la ITCA (en lo sucesivo, \"Nosotros\"). Los T\u00e9rminos y Condiciones de este Sitio Web pueden cambiar de vez en cuando y se actualizar\u00e1n en esta p\u00e1gina.<\/p><h3>Modificaciones de las presentes condiciones<\/h3><p>ITCA puede actualizar estos T\u00e9rminos y Condiciones de vez en cuando, en cualquier momento sin previo aviso, mediante la publicaci\u00f3n de dichos cambios en el Sitio Web. Le recomendamos que revise peri\u00f3dicamente estos T\u00e9rminos y Condiciones para estar informado de c\u00f3mo protegemos su informaci\u00f3n. El uso continuado de este Sitio Web tras la publicaci\u00f3n de cambios en esta Pol\u00edtica significar\u00e1 que usted acepta dichos cambios. Los T\u00e9rminos y Condiciones se aplican a todas las personas que accedan al Sitio Web (en lo sucesivo, \"Usuario\" o \"Usuarios\" o \"usted\").<\/p><h3>Derechos de autor y uso de materiales<\/h3><p>El contenido general de este sitio web es propiedad del ITCA.  Los recursos mostrados en la p\u00e1gina de ITCA e ITP son de c\u00f3digo abierto, han sido incluidos por el propietario de la herramienta o se proporciona el cr\u00e9dito adecuado a la fuente de la herramienta. Usted se compromete a no alterar ni eliminar ning\u00fan s\u00edmbolo de copyright u otra identificaci\u00f3n relativa a la autor\u00eda de cualquiera de los materiales contenidos o puestos a su disposici\u00f3n desde este sitio web.<\/p><h3>Im\u00e1genes<\/h3><p>Las im\u00e1genes no pueden reproducirse de ninguna forma sin el permiso expl\u00edcito por escrito de la ITCA.\u00a0<\/p><h3>Contenido textual<\/h3><p>El contenido textual puede reproducirse con fines no comerciales siempre que se mencione al autor y la fuente original.<\/p><h3>V\u00eddeos<\/h3><p>Los v\u00eddeos pueden compartirse a trav\u00e9s del enlace de Youtube. Sin embargo, los v\u00eddeos no pueden reproducirse de ninguna otra forma sin el permiso expl\u00edcito por escrito de la ITCA.<\/p><h3>Derechos de autor de terceros<\/h3><p>En la medida en que los derechos de autor pertenezcan a terceros, seguir\u00e1n perteneciendo al propietario original y ser\u00e1 necesaria una autorizaci\u00f3n por escrito para reutilizar el material.<\/p><h3>Espacios interactivos y material para el usuario<\/h3><p>Este Sitio Web puede incluir blogs, contenido generado por el Usuario u otras \u00e1reas o servicios interactivos (\"\u00c1reas Interactivas\"), en los que usted u otros Usuarios crean, publican o almacenan cualquier contenido \"Material del Usuario\". Usted es el \u00fanico responsable del uso que haga de dichas \u00c1reas interactivas y las utiliza por su cuenta y riesgo. Al utilizar cualquiera de las \u00c1reas interactivas, usted se compromete a no publicar, cargar, transmitir, distribuir, almacenar, crear o publicar de cualquier otro modo a trav\u00e9s del Sitio web ninguno de los siguientes contenidos:<\/p><ul><li aria-level=\"1\">Materiales del usuario que sean ilegales, calumniosos, difamatorios, obscenos, pornogr\u00e1ficos, indecentes, lascivos, sugerentes, acosadores, amenazadores, invasivos de la intimidad o de los derechos de publicidad, abusivos, fraudulentos o censurables de cualquier otro modo;<\/li><li aria-level=\"1\">Materiales del usuario que constituyan, fomenten o proporcionen instrucciones para cometer un delito, violen los derechos de cualquier parte o generen responsabilidad o violen cualquier ley local, estatal, nacional o internacional;<\/li><li aria-level=\"1\">Materiales del usuario que puedan infringir cualquier patente, marca comercial, secreto comercial, derecho de autor u otro derecho intelectual o de propiedad de cualquier parte;<\/li><li aria-level=\"1\">Materiales de usuario que suplanten la identidad de cualquier persona o entidad o falseen de cualquier otro modo su afiliaci\u00f3n con una persona o entidad; promociones, publicidad o solicitudes; virus, datos corruptos u otros archivos da\u00f1inos, perturbadores o destructivos; y<\/li><li aria-level=\"1\">Materiales del Usuario que, a juicio exclusivo de ITCA, sean censurables o que restrinjan o impidan a cualquier otra persona utilizar o disfrutar de las \u00c1reas Interactivas o del Sitio Web, o que puedan exponer a ITCA o a sus Usuarios a cualquier da\u00f1o o responsabilidad de cualquier tipo.<\/li><\/ul><p>No nos hacemos responsables de ninguna declaraci\u00f3n, manifestaci\u00f3n o Material de Usuario en cualquier \u00c1rea Interactiva. Aunque no tenemos obligaci\u00f3n de examinar, editar o supervisar ninguno de los Materiales de Usuario publicados en cualquier \u00c1rea Interactiva, nos reservamos el derecho, y tenemos absoluta discreci\u00f3n, de eliminar, examinar o editar cualquier Material de Usuario publicado o almacenado en el Sitio Web en cualquier momento y por cualquier motivo sin previo aviso.<\/p><p>Cualquier uso de las \u00c1reas interactivas u otras partes del Sitio web que infrinja lo anterior infringe estas Condiciones y puede dar lugar, entre otras cosas, a la rescisi\u00f3n o suspensi\u00f3n de sus derechos de uso de las \u00c1reas interactivas y\/o del Sitio web.<\/p><p>No reclamamos la propiedad de los Materiales del Usuario. A menos que indiquemos lo contrario, usted concede a ITCA un derecho no exclusivo, mundial, libre de regal\u00edas, perpetuo, irrevocable y sublicenciable para utilizar, reproducir, modificar, adaptar, publicar, traducir, crear obras derivadas, distribuir, ejecutar y mostrar dichos Materiales del Usuario en o en relaci\u00f3n con el Sitio Web. Al publicar o enviar Materiales de Usuario a cualquier \u00c1rea Interactiva u otras partes del Sitio Web, usted concede a ITCA el derecho a utilizar el nombre que usted env\u00ede en relaci\u00f3n con dichos Materiales de Usuario.<\/p><p>Usted declara y garantiza que:<\/p><ul><li aria-level=\"1\">usted posee y controla todos los derechos sobre los Materiales del Usuario que publica o tiene derecho a publicar dichos Materiales del Usuario en el Sitio Web;<\/li><li aria-level=\"1\">los Materiales del Usuario son de c\u00f3digo abierto o usted ha dado el debido cr\u00e9dito a los autores y propietarios de las herramientas;<\/li><li aria-level=\"1\">los Materiales del Usuario son exactos y no enga\u00f1osos; y<\/li><li aria-level=\"1\">el uso y la publicaci\u00f3n de los Materiales del Usuario que usted proporcione no infringen las Condiciones y no violar\u00e1n ning\u00fan derecho ni causar\u00e1n perjuicio a ninguna persona o entidad.<\/li><\/ul><h2>Pol\u00edtica de privacidad<\/h2><p>La pol\u00edtica de privacidad aplicable est\u00e1 disponible en\u00a0<a href=\"https:\/\/dev2.travel-bridge.com\/privacy-policy\/\" target=\"_blank\" rel=\"noopener\">aqu\u00ed<\/a><\/p><h3>Menores<\/h3><p>Si tiene menos de 18 a\u00f1os, aseg\u00farese de obtener el permiso de sus padres o tutores antes de acceder al Sitio web. Animamos a los padres a implicarse en el uso que hacen sus hijos de Internet y a estar al tanto de las actividades en las que participan.<\/p><h3>Formularios<\/h3><p>Si utiliza formularios del sitio web para proporcionar informaci\u00f3n, registrar su inter\u00e9s o comprar publicaciones, la informaci\u00f3n que proporcione no se utilizar\u00e1 para fines distintos de aquellos para los que se proporcion\u00f3.<\/p><h3>Comentarios de los usuarios<\/h3><p>Buscamos la opini\u00f3n de nuestros Usuarios para mejorar el servicio ofrecido por el Sitio Web. No obstante, usted se compromete a no utilizar el Sitio web para transmitir material ilegal, perjudicial, difamatorio, abusivo, amenazador, vulgar u obsceno.\u00a0<\/p><p>Registramos los comentarios en una base de datos. La informaci\u00f3n recibida solo se utilizar\u00e1 para el fin para el que se solicit\u00f3 y no se distribuir\u00e1 ni divulgar\u00e1 sin su consentimiento.<\/p><h3>Descargo de responsabilidad<\/h3><p>Este sitio web proporciona informaci\u00f3n gratuita en beneficio del p\u00fablico. Controlamos la calidad de la informaci\u00f3n disponible en el sitio web y la actualizamos peri\u00f3dicamente.<\/p><p>No garantizamos ni aceptamos responsabilidad alguna derivada o relacionada con la exactitud, fiabilidad, actualidad o integridad de cualquier material incluido en el sitio web o en cualquier sitio externo enlazado.<\/p><p>Recomendamos a los Usuarios que utilicen el Sitio Web con habilidad y cuidado y que eval\u00faen detenidamente la exactitud, vigencia, integridad y pertinencia del material del Sitio Web para sus fines.<\/p><p>El material del Sitio Web puede incluir opiniones o recomendaciones de terceros que no reflejan necesariamente las opiniones de la ITCA ni indican su compromiso con una determinada l\u00ednea de actuaci\u00f3n.<\/p><h3>Indemnizaci\u00f3n<\/h3><p>Usted se compromete a defender, indemnizar y mantener indemne a ITCA frente a cualesquiera reclamaciones, p\u00e9rdidas, responsabilidades y\/o da\u00f1os y perjuicios ocasionados o sufridos por terceros que se deriven o est\u00e9n relacionados con su conducta, su uso o imposibilidad de uso del Sitio Web, su incumplimiento o presunto incumplimiento de las presentes Condiciones, o su violaci\u00f3n de cualesquiera otros derechos.<\/p><h3>Ley aplicable y litigios<\/h3><p>Cualquier disputa, controversia o reclamaci\u00f3n que surja en virtud de estos T\u00e9rminos y Condiciones se resolver\u00e1 de mutuo acuerdo entre ITCA y el Usuario.<\/p><p>Si ITCA y el Usuario no consiguen llegar a un acuerdo amistoso, la disputa, controversia o reclamaci\u00f3n se someter\u00e1 a los tribunales competentes de Washington, DC, EE.UU.. La legislaci\u00f3n aplicable ser\u00e1 la estadounidense.<\/p><h3>Informaci\u00f3n de contacto<\/h3><p>Si tiene alguna pregunta sobre cualquiera de estos T\u00e9rminos y Condiciones, p\u00f3ngase en contacto con nosotros en info@indigenoustourismamericas.org.<\/p>\t\t\t\t\t\t\t\t<\/div>\n\t\t\t\t<\/div>\n\t\t\t\t\t<\/div>\n\t\t<\/div>\n\t\t\t\t\t<\/div>\n\t\t<\/section>\n\t\t\t\t<\/div>","protected":false},"excerpt":{"rendered":"<p>TERMS AND CONDITIONS This ITCA website (the \u201cWebsite\u201d), including the Indigenous Tourism Portal (\u201c ITP\u201d) is owned by ITCA (hereafter referred to as \u201cWe\u201d).\u00a0The Terms and Conditions of this Website might be changed from time to time and will be\u00a0updated on this page. Changes to these terms and conditions ITCA may update these Terms and [&hellip;]<\/p>\n","protected":false},"author":1,"featured_media":0,"parent":0,"menu_order":0,"comment_status":"closed","ping_status":"closed","template":"","meta":{"footnotes":""},"class_list":["post-770","page","type-page","status-publish","hentry"],"_links":{"self":[{"href":"https:\/\/elibrary.indigenoustourismamericas.org\/es\/wp-json\/wp\/v2\/pages\/770","targetHints":{"allow":["GET"]}}],"collection":[{"href":"https:\/\/elibrary.indigenoustourismamericas.org\/es\/wp-json\/wp\/v2\/pages"}],"about":[{"href":"https:\/\/elibrary.indigenoustourismamericas.org\/es\/wp-json\/wp\/v2\/types\/page"}],"author":[{"embeddable":true,"href":"https:\/\/elibrary.indigenoustourismamericas.org\/es\/wp-json\/wp\/v2\/users\/1"}],"replies":[{"embeddable":true,"href":"https:\/\/elibrary.indigenoustourismamericas.org\/es\/wp-json\/wp\/v2\/comments?post=770"}],"version-history":[{"count":0,"href":"https:\/\/elibrary.indigenoustourismamericas.org\/es\/wp-json\/wp\/v2\/pages\/770\/revisions"}],"wp:attachment":[{"href":"https:\/\/elibrary.indigenoustourismamericas.org\/es\/wp-json\/wp\/v2\/media?parent=770"}],"curies":[{"name":"wp","href":"https:\/\/api.w.org\/{rel}","templated":true}]}}