{"id":32,"date":"2023-04-24T22:11:16","date_gmt":"2023-04-24T22:11:16","guid":{"rendered":"https:\/\/dev3.travel-bridge.com\/?page_id=32"},"modified":"2023-06-02T18:26:57","modified_gmt":"2023-06-02T18:26:57","slug":"anadir-una-entrada","status":"publish","type":"page","link":"https:\/\/elibrary.indigenoustourismamericas.org\/es\/add-an-entry\/","title":{"rendered":"A\u00f1adir una entrada"},"content":{"rendered":"<div data-elementor-type=\"wp-page\" data-elementor-id=\"32\" class=\"elementor elementor-32\" data-elementor-post-type=\"page\">\n\t\t\t\t\t\t<section class=\"elementor-section elementor-top-section elementor-element elementor-element-248e451a elementor-section-height-min-height elementor-section-boxed elementor-section-height-default elementor-section-items-middle\" data-id=\"248e451a\" data-element_type=\"section\" data-e-type=\"section\" data-settings=\"{&quot;background_background&quot;:&quot;classic&quot;}\">\n\t\t\t\t\t\t<div class=\"elementor-container elementor-column-gap-default\">\n\t\t\t\t\t<div class=\"elementor-column elementor-col-100 elementor-top-column elementor-element elementor-element-2d106ad5\" data-id=\"2d106ad5\" data-element_type=\"column\" data-e-type=\"column\">\n\t\t\t<div class=\"elementor-widget-wrap elementor-element-populated\">\n\t\t\t\t\t\t<div class=\"elementor-element elementor-element-424f5336 elementor-widget elementor-widget-heading\" data-id=\"424f5336\" data-element_type=\"widget\" data-e-type=\"widget\" data-widget_type=\"heading.default\">\n\t\t\t\t<div class=\"elementor-widget-container\">\n\t\t\t\t\t<h1 class=\"elementor-heading-title elementor-size-default\">A\u00f1adir una entrada<\/h1>\t\t\t\t<\/div>\n\t\t\t\t<\/div>\n\t\t\t\t<div class=\"elementor-element elementor-element-e426b22 elementor-align-center elementor-widget elementor-widget-button\" data-id=\"e426b22\" data-element_type=\"widget\" data-e-type=\"widget\" data-widget_type=\"button.default\">\n\t\t\t\t<div class=\"elementor-widget-container\">\n\t\t\t\t\t\t\t\t\t<div class=\"elementor-button-wrapper\">\n\t\t\t\t\t<a class=\"elementor-button elementor-button-link elementor-size-sm\" href=\"#elementor-action%3Aaction%3Dpopup%3Aopen%26settings%3DeyJpZCI6IjU5NSIsInRvZ2dsZSI6ZmFsc2V9\">\n\t\t\t\t\t\t<span class=\"elementor-button-content-wrapper\">\n\t\t\t\t\t\t<span class=\"elementor-button-icon\">\n\t\t\t\t<i aria-hidden=\"true\" class=\"far fa-question-circle\"><\/i>\t\t\t<\/span>\n\t\t\t\t\t\t\t\t\t<span class=\"elementor-button-text\">C\u00f3mo crear una entrada<\/span>\n\t\t\t\t\t<\/span>\n\t\t\t\t\t<\/a>\n\t\t\t\t<\/div>\n\t\t\t\t\t\t\t\t<\/div>\n\t\t\t\t<\/div>\n\t\t\t\t<div class=\"elementor-element elementor-element-1effbfed elementor-widget elementor-widget-text-editor\" data-id=\"1effbfed\" data-element_type=\"widget\" data-e-type=\"widget\" data-widget_type=\"text-editor.default\">\n\t\t\t\t<div class=\"elementor-widget-container\">\n\t\t\t\t\t\t\t\t\t<p>Seleccione el tipo de entrada al que desea contribuir.<\/p><p><span style=\"text-decoration: underline;\">Recursos<\/span> incluyen conjuntos de herramientas, estudios de casos, buenas pr\u00e1cticas, art\u00edculos revisados por hom\u00f3logos y otros elementos que ayudan a orientar a los agentes del turismo ind\u00edgena hacia pr\u00e1cticas sostenibles para desarrollar sus destinos.<\/p><p><span style=\"text-decoration: underline;\">Redes<\/span> incluir una base de datos de grupos y organizaciones ind\u00edgenas relacionados con el turismo que ofrezcan v\u00edas para implicarse m\u00e1s a fondo en el turismo ind\u00edgena sostenible a nivel local, nacional y supranacional<\/p>\t\t\t\t\t\t\t\t<\/div>\n\t\t\t\t<\/div>\n\t\t\t\t<div class=\"elementor-element elementor-element-32472a2d elementor-widget elementor-widget-heading\" data-id=\"32472a2d\" data-element_type=\"widget\" data-e-type=\"widget\" data-widget_type=\"heading.default\">\n\t\t\t\t<div class=\"elementor-widget-container\">\n\t\t\t\t\t<h2 class=\"elementor-heading-title elementor-size-default\">\u00bfQu\u00e9 tipo de entrada desea a\u00f1adir?<\/h2>\t\t\t\t<\/div>\n\t\t\t\t<\/div>\n\t\t\t\t<div class=\"elementor-element elementor-element-27f6aa15 elementor-widget elementor-widget-case27-add-listing-widget\" data-id=\"27f6aa15\" data-element_type=\"widget\" data-e-type=\"widget\" data-widget_type=\"case27-add-listing-widget.default\">\n\t\t\t\t<div class=\"elementor-widget-container\">\n\t\t\t\t\t\r\n\t\r\n<section class=\"i-section choose-type\">\r\n\t<div class=\"container-fluid\">\r\n\t\t<div class=\"row section-body\">\r\n\t\t\t\t\t<div class=\"col-md-6 elementor-repeater-item-9e34134 col-sm-6 col-xs-12 ac-category\">\r\n\t\t\t\t<div class=\"cat-card\">\r\n\t\t\t\t\t<a href=\"https:\/\/elibrary.indigenoustourismamericas.org\/es\/add-an-entry\/?listing_type=resources\">\r\n\t\t\t\t\t\t<div class=\"ac-front-side face\">\r\n\t\t\t\t\t\t\t<div class=\"hovering-c\">\r\n\t\t\t\t\t\t\t\t<span class=\"cat-icon\" style=\"color: #fff;\">\r\n\t\t\t\t\t\t\t\t\t\t\t\t<i class=\"fa fa-database\"><\/i>\r\n\t\t\t\t\t\t\t\t\t\t<\/span>\r\n\t\t\t\t\t\t\t\t<span class=\"category-name\">Recursos<\/span>\r\n\t\t\t\t\t\t\t<\/div>\r\n\t\t\t\t\t\t<\/div>\r\n\t\t\t\t\t\t<div class=\"ac-back-side face\">\r\n\t\t\t\t\t\t\t<div class=\"hovering-c\">\r\n\t\t\t\t\t\t\t\t<p>Choose type<\/p>\r\n\t\t\t\t\t\t\t<\/div>\r\n\t\t\t\t\t\t<\/div>\r\n\t\t\t\t\t<\/a>\r\n\t\t\t\t<\/div>\r\n\t\t\t<\/div>\r\n\t\t\t\t\t<div class=\"col-md-6 elementor-repeater-item-f608f54 col-sm-6 col-xs-12 ac-category\">\r\n\t\t\t\t<div class=\"cat-card\">\r\n\t\t\t\t\t<a href=\"https:\/\/elibrary.indigenoustourismamericas.org\/es\/add-an-entry\/?listing_type=networks\">\r\n\t\t\t\t\t\t<div class=\"ac-front-side face\">\r\n\t\t\t\t\t\t\t<div class=\"hovering-c\">\r\n\t\t\t\t\t\t\t\t<span class=\"cat-icon\" style=\"color: #fff;\">\r\n\t\t\t\t\t\t\t\t\t\t\t\t<i class=\"icon-network-business\"><\/i>\r\n\t\t\t\t\t\t\t\t\t\t<\/span>\r\n\t\t\t\t\t\t\t\t<span class=\"category-name\">Red<\/span>\r\n\t\t\t\t\t\t\t<\/div>\r\n\t\t\t\t\t\t<\/div>\r\n\t\t\t\t\t\t<div class=\"ac-back-side face\">\r\n\t\t\t\t\t\t\t<div class=\"hovering-c\">\r\n\t\t\t\t\t\t\t\t<p>Choose type<\/p>\r\n\t\t\t\t\t\t\t<\/div>\r\n\t\t\t\t\t\t<\/div>\r\n\t\t\t\t\t<\/a>\r\n\t\t\t\t<\/div>\r\n\t\t\t<\/div>\r\n\t\t\t\t<\/div>\r\n\t<\/div>\r\n<\/section>\r\n\t\t\t\t<\/div>\n\t\t\t\t<\/div>\n\t\t\t\t\t<\/div>\n\t\t<\/div>\n\t\t\t\t\t<\/div>\n\t\t<\/section>\n\t\t\t\t<\/div>","protected":false},"excerpt":{"rendered":"<p>Add an Entry How to create an entry Please select the type of entry you would like to contribute. Resources include toolkits, case studies, good practices, peer-reviewed articles and more that help to guide Indigenous tourism stakeholders towards sustainable practices to develop their destinations. Networks include a database of Indigenous tourism related groups and organizations [&hellip;]<\/p>\n","protected":false},"author":1,"featured_media":0,"parent":0,"menu_order":0,"comment_status":"closed","ping_status":"closed","template":"","meta":{"footnotes":""},"class_list":["post-32","page","type-page","status-publish","hentry"],"_links":{"self":[{"href":"https:\/\/elibrary.indigenoustourismamericas.org\/es\/wp-json\/wp\/v2\/pages\/32","targetHints":{"allow":["GET"]}}],"collection":[{"href":"https:\/\/elibrary.indigenoustourismamericas.org\/es\/wp-json\/wp\/v2\/pages"}],"about":[{"href":"https:\/\/elibrary.indigenoustourismamericas.org\/es\/wp-json\/wp\/v2\/types\/page"}],"author":[{"embeddable":true,"href":"https:\/\/elibrary.indigenoustourismamericas.org\/es\/wp-json\/wp\/v2\/users\/1"}],"replies":[{"embeddable":true,"href":"https:\/\/elibrary.indigenoustourismamericas.org\/es\/wp-json\/wp\/v2\/comments?post=32"}],"version-history":[{"count":0,"href":"https:\/\/elibrary.indigenoustourismamericas.org\/es\/wp-json\/wp\/v2\/pages\/32\/revisions"}],"wp:attachment":[{"href":"https:\/\/elibrary.indigenoustourismamericas.org\/es\/wp-json\/wp\/v2\/media?parent=32"}],"curies":[{"name":"wp","href":"https:\/\/api.w.org\/{rel}","templated":true}]}}